{"id":31028,"date":"2025-12-17T12:19:34","date_gmt":"2025-12-17T15:19:34","guid":{"rendered":"https:\/\/materialesmoreno.com.ar\/tienda\/?page_id=31028"},"modified":"2026-01-09T15:13:09","modified_gmt":"2026-01-09T18:13:09","slug":"trabaja-con-nosotros","status":"publish","type":"page","link":"https:\/\/materialesmoreno.com.ar\/tienda\/trabaja-con-nosotros\/","title":{"rendered":"Sumate al equipo"},"content":{"rendered":"\nSumate al equipo\n\n\n\n<h3 class=\"wp-block-heading\">TRABAJ\u00c1 CON NOSOTROS<\/h3>\n\n\n\n<p>En <strong>Materiales Moreno<\/strong> estamos en crecimiento permanente y buscamos incorporar personal para distintas \u00e1reas.<\/p>\n\n\n\n<p>Perfiles que solemos necesitar:<\/p>\n\n\n\n<ul>\n<li>Vendedores<\/li>\n\n\n\n<li>Choferes<\/li>\n\n\n\n<li>Operadores de gr\u00faa<\/li>\n\n\n\n<li>Dep\u00f3sito y log\u00edstica<\/li>\n\n\n\n<li>Administraci\u00f3n<\/li>\n<\/ul>\n\n\n\n<p>&#x1f4e9; <strong>Env\u00edo de CV<\/strong><br>Pod\u00e9s enviar tu CV por email a:<br><strong><a href=\"mailto:cvmaterialesmoreno@gmail.com?subject=busqueda laboral - Puesto:\">cvmaterialesmoreno@gmail.com<\/a><\/strong><br><em>(Indicar en el asunto el puesto o \u00e1rea de inter\u00e9s)<\/em><\/p>\n\n\n\n<p>&#x1f4cd; <strong>Entrega presencial<\/strong><br>Tambi\u00e9n pod\u00e9s acercarte a dejar tu CV en cualquiera de nuestras sucursales:<\/p>\n\n\n\n<ul>\n<li><a href=\"https:\/\/www.google.com\/maps\/place\/Materiales+Moreno+-+Sucursal+Moreno\/@-34.628486,-58.779787,16z\/data=!4m6!3m5!1s0x95bc95cbaddac6eb:0x94a2c4e04ca789cd!8m2!3d-34.6284862!4d-58.779787!16s%2Fg%2F1tdglfqm?hl=es-419&amp;entry=ttu\">Moreno<\/a><\/li>\n\n\n\n<li><a href=\"https:\/\/www.google.com\/maps?ll=-34.609814,-58.868313&amp;z=14&amp;t=m&amp;hl=es-419&amp;gl=AR&amp;mapclient=embed&amp;cid=8087783767968901215\">Francisco \u00c1lvarez<\/a><\/li>\n\n\n\n<li><a href=\"https:\/\/maps.app.goo.gl\/SryhNdm3kcRFFEUX8?g_st=iw\">Luj\u00e1n<\/a><\/li>\n\n\n\n<li><a href=\"https:\/\/maps.app.goo.gl\/nhzhDzksUFaxY7LJ7\">Jos\u00e9 C. Paz<\/a><\/li>\n<\/ul>\n\n\n\n<p>*<em>La recepci\u00f3n de CV no implica una b\u00fasqueda activa inmediata.<\/em><\/p>\n","protected":false},"excerpt":{"rendered":"<p>Sumate al equipo TRABAJ\u00c1 CON NOSOTROS En Materiales Moreno estamos en crecimiento permanente y buscamos incorporar personal para distintas \u00e1reas. Perfiles que solemos necesitar: &#x1f4e9; Env\u00edo de CVPod\u00e9s enviar tu CV por email a:cvmaterialesmoreno@gmail.com(Indicar en el asunto el puesto o \u00e1rea de inter\u00e9s) &#x1f4cd; Entrega presencialTambi\u00e9n pod\u00e9s acercarte a dejar tu CV en cualquiera de [&#8230;]\n","protected":false},"author":4,"featured_media":0,"parent":0,"menu_order":0,"comment_status":"closed","ping_status":"closed","template":"","meta":{"footnotes":""},"_links":{"self":[{"href":"https:\/\/materialesmoreno.com.ar\/tienda\/wp-json\/wp\/v2\/pages\/31028"}],"collection":[{"href":"https:\/\/materialesmoreno.com.ar\/tienda\/wp-json\/wp\/v2\/pages"}],"about":[{"href":"https:\/\/materialesmoreno.com.ar\/tienda\/wp-json\/wp\/v2\/types\/page"}],"author":[{"embeddable":true,"href":"https:\/\/materialesmoreno.com.ar\/tienda\/wp-json\/wp\/v2\/users\/4"}],"replies":[{"embeddable":true,"href":"https:\/\/materialesmoreno.com.ar\/tienda\/wp-json\/wp\/v2\/comments?post=31028"}],"version-history":[{"count":4,"href":"https:\/\/materialesmoreno.com.ar\/tienda\/wp-json\/wp\/v2\/pages\/31028\/revisions"}],"predecessor-version":[{"id":31807,"href":"https:\/\/materialesmoreno.com.ar\/tienda\/wp-json\/wp\/v2\/pages\/31028\/revisions\/31807"}],"wp:attachment":[{"href":"https:\/\/materialesmoreno.com.ar\/tienda\/wp-json\/wp\/v2\/media?parent=31028"}],"curies":[{"name":"wp","href":"https:\/\/api.w.org\/{rel}","templated":true}]}}