{"id":1325,"date":"2024-07-19T16:17:12","date_gmt":"2024-07-19T19:17:12","guid":{"rendered":"https:\/\/materialesmoreno.com.ar\/tienda\/producto\/cemento-holcim-x-50kg-40\/"},"modified":"2025-07-16T11:50:35","modified_gmt":"2025-07-16T14:50:35","slug":"cemento-holcim-x-50kg-40","status":"publish","type":"product","link":"https:\/\/materialesmoreno.com.ar\/tienda\/producto\/cemento-holcim-x-50kg-40\/","title":{"rendered":"CEMENTO HOLCIM X 50KG"},"content":{"rendered":"<p>El cemento FUERTE ECOPlanet est\u00e1 dise\u00f1ado para utilizarse en cualquier tipo de estructura de hormig\u00f3n armado y simple, como tambi\u00e9n en morteros de base cementicia.<\/p>\n","protected":false},"excerpt":{"rendered":"<p>Se cobrar\u00e1 adicional por pallet de ser necesario<\/p>\n","protected":false},"featured_media":0,"template":"","meta":[],"product_cat":[28],"product_tag":[],"forced_product_sku":null,"forced_product_min_qty":null,"_links":{"self":[{"href":"https:\/\/materialesmoreno.com.ar\/tienda\/wp-json\/wp\/v2\/product\/1325"}],"collection":[{"href":"https:\/\/materialesmoreno.com.ar\/tienda\/wp-json\/wp\/v2\/product"}],"about":[{"href":"https:\/\/materialesmoreno.com.ar\/tienda\/wp-json\/wp\/v2\/types\/product"}],"wp:attachment":[{"href":"https:\/\/materialesmoreno.com.ar\/tienda\/wp-json\/wp\/v2\/media?parent=1325"}],"wp:term":[{"taxonomy":"product_cat","embeddable":true,"href":"https:\/\/materialesmoreno.com.ar\/tienda\/wp-json\/wp\/v2\/product_cat?post=1325"},{"taxonomy":"product_tag","embeddable":true,"href":"https:\/\/materialesmoreno.com.ar\/tienda\/wp-json\/wp\/v2\/product_tag?post=1325"}],"curies":[{"name":"wp","href":"https:\/\/api.w.org\/{rel}","templated":true}]}}